{"id":26,"date":"2025-09-02T02:02:01","date_gmt":"2025-09-02T02:02:01","guid":{"rendered":"https:\/\/hjertelig.dk\/?page_id=26"},"modified":"2025-09-27T12:35:26","modified_gmt":"2025-09-27T12:35:26","slug":"26-2","status":"publish","type":"page","link":"https:\/\/hjertelig.dk\/","title":{"rendered":""},"content":{"rendered":"\n<div class=\"wp-block-group has-global-padding is-layout-constrained wp-block-group-is-layout-constrained\">\n<div class=\"wp-block-columns alignwide is-layout-flex wp-container-core-columns-is-layout-28f84493 wp-block-columns-is-layout-flex\">\n<div class=\"wp-block-column is-layout-flow wp-block-column-is-layout-flow\" style=\"flex-basis:100%\">\n<center>\n<div id=\"fb-root\"><\/div>\n<script async defer crossorigin=\"anonymous\" src=\"https:\/\/connect.facebook.net\/en_GB\/sdk.js#xfbml=1&#038;version=v23.0&#038;appId=1462631738690469\"><\/script>\n\n<div class=\"fb-page\" data-href=\"https:\/\/www.facebook.com\/hjerteligdanmark\/\" data-tabs=\"timeline\" data-width=\"310\" data-height=\"290\" data-small-header=\"false\" data-adapt-container-width=\"true\" data-hide-cover=\"false\" data-show-facepile=\"true\"><blockquote cite=\"https:\/\/www.facebook.com\/hjerteligdanmark\/\" class=\"fb-xfbml-parse-ignore\"><a href=\"https:\/\/www.facebook.com\/hjerteligdanmark\/\">Hjertelig Dk<\/a><\/blockquote><\/div>\n\n<div id=\"fb-root\"><\/div>\n<script async defer crossorigin=\"anonymous\" src=\"https:\/\/connect.facebook.net\/en_GB\/sdk.js#xfbml=1&#038;version=v23.0&#038;appId=1462631738690469\"><\/script>\n<div class=\"fb-like\" data-href=\"https:\/\/www.facebook.com\/hjerteligdanmark\/\" data-width=\"\" data-layout=\"\" data-action=\"\" data-size=\"\" data-share=\"true\"><\/div>\n\n<\/center>\n<\/div>\n<\/div>\n\n\n\n<center><h3><strong><font color=\"red\">Learn danish, 1 on 1 within 30 days <u>Guaranteed<\/u><\/center><\/h3><\/strong><\/font>\n\n\n<center><h3><strong><font color=\"purple\">www.hjertelig.dk<\/font><\/strong> Fysisk d\u00e6kning af hele Danmark<\/h3><\/center><center><p class=\"has-text-align-center\"><h4>Alex Tel\/WhatsApp: 52 72 49 12 <br>Email: alex@hjertelig.dk<\/h4><\/p><\/center>\n<\/div>\n\n\n\n<figure class=\"wp-block-gallery has-nested-images columns-default is-cropped wp-block-gallery-1 is-layout-flex wp-block-gallery-is-layout-flex\">\n<figure class=\"wp-block-image size-full wp-duotone-magenta-yellow\"><img loading=\"lazy\" decoding=\"async\" width=\"600\" height=\"100\" data-id=\"151\" src=\"https:\/\/hjertelig.dk\/wp-content\/uploads\/2025\/09\/Untitled-3-1.jpg\" alt=\"\" class=\"wp-image-151\" srcset=\"https:\/\/hjertelig.dk\/wp-content\/uploads\/2025\/09\/Untitled-3-1.jpg 600w, https:\/\/hjertelig.dk\/wp-content\/uploads\/2025\/09\/Untitled-3-1-300x50.jpg 300w\" sizes=\"auto, (max-width: 600px) 100vw, 600px\" \/><\/figure>\n<\/figure>\n\n\n\n<div class=\"wp-block-group is-vertical is-content-justification-center is-layout-flex wp-container-core-group-is-layout-ce155fab wp-block-group-is-layout-flex\">\n<div class=\"wp-block-group wp-container-content-e29552f7 has-global-padding is-layout-constrained wp-block-group-is-layout-constrained\">\n<div class=\"wp-block-group is-horizontal is-content-justification-space-between is-layout-flex wp-container-core-group-is-layout-51c0f668 wp-block-group-is-layout-flex\">\n<p class=\"has-text-align-center has-background-background-color has-background\" style=\"border-radius:8px;padding-top:0;padding-bottom:0;font-size:clamp(0.929rem, 0.929rem + ((1vw - 0.2rem) * 0.856), 1.4rem);line-height:1.9\">Dybdeg\u00e5ende samtaler omkring gl\u00e6de, n\u00e6rv\u00e6r og omsorg, som er t\u00e6t forbundet og indbyrdes afh\u00e6ngige, hvilke vi kan opbygge sammen. For os det vigtigst at h\u00f8re dine behov og tanker, s\u00e5 vi kan bedre tilrettel\u00e6gge vores samarbejde. Terapeutisk, akustisk guitar kan medbringes for god afslappende musik gennem vore samtaler, s\u00e5 du bedst kan udtrykke dig. Kontakt os for eventuelle specifikke behov.<\/p>\n<\/div>\n\n\n\n<figure class=\"wp-block-image size-full is-resized wp-duotone-magenta-yellow\"><img loading=\"lazy\" decoding=\"async\" width=\"600\" height=\"100\" src=\"https:\/\/hjertelig.dk\/wp-content\/uploads\/2025\/09\/help-1.jpg\" alt=\"\" class=\"wp-image-184\" style=\"width:650px;height:auto\" srcset=\"https:\/\/hjertelig.dk\/wp-content\/uploads\/2025\/09\/help-1.jpg 600w, https:\/\/hjertelig.dk\/wp-content\/uploads\/2025\/09\/help-1-300x50.jpg 300w\" sizes=\"auto, (max-width: 600px) 100vw, 600px\" \/><\/figure>\n\n\n\n<p class=\"has-text-align-center has-background-background-color has-background\" style=\"border-radius:8px;padding-top:0;padding-bottom:0;font-size:clamp(0.929rem, 0.929rem + ((1vw - 0.2rem) * 0.856), 1.4rem);line-height:1.9\">Hj\u00e6lp til madlavning, reng\u00f8ring, toiletbes\u00f8g, g\u00e5ture, transport m.m. af \u00e6ldre med eventuel fysisk besv\u00e6r eller lidelser. Personlig, tilstedev\u00e6rende og meningsfulde samtaler omkring n\u00e6rv\u00e6r, omsorg eller tab. Lad os ikke glemme dem der fik opbygget vores velf\u00e6rdssamfund. Kontakt os for eventuelle specifikke behov.<\/p>\n\n\n\n<figure class=\"wp-block-image size-full is-resized wp-duotone-magenta-yellow\"><img loading=\"lazy\" decoding=\"async\" width=\"600\" height=\"100\" src=\"https:\/\/hjertelig.dk\/wp-content\/uploads\/2025\/09\/vask-4.jpg\" alt=\"\" class=\"wp-image-186\" style=\"width:650px;height:auto\" srcset=\"https:\/\/hjertelig.dk\/wp-content\/uploads\/2025\/09\/vask-4.jpg 600w, https:\/\/hjertelig.dk\/wp-content\/uploads\/2025\/09\/vask-4-300x50.jpg 300w\" sizes=\"auto, (max-width: 600px) 100vw, 600px\" \/><\/figure>\n\n\n\n<p class=\"has-text-align-center has-background-background-color has-background\" style=\"border-radius:8px;padding-top:0;padding-bottom:0;font-size:clamp(0.929rem, 0.929rem + ((1vw - 0.2rem) * 0.856), 1.4rem);line-height:1.9\">P\u00e5lidelig og&nbsp;effektiv privat rens, vask, reng\u00f8ring og oprydning&nbsp;af huse, lejligheder, toiletter, k\u00e6ldre og opgange m.m. Vedligeholdelse af haver, r\u00e6kkehuse og kolonihaver samt h\u00e6kke og gr\u00e6s. Kontakt os for eventuelle specifikke behov.<\/p>\n\n\n\n<figure class=\"wp-block-image size-full is-resized wp-duotone-magenta-yellow\"><img loading=\"lazy\" decoding=\"async\" width=\"600\" height=\"100\" src=\"https:\/\/hjertelig.dk\/wp-content\/uploads\/2025\/09\/ung-2.jpg\" alt=\"\" class=\"wp-image-192\" style=\"width:650px;height:auto\" srcset=\"https:\/\/hjertelig.dk\/wp-content\/uploads\/2025\/09\/ung-2.jpg 600w, https:\/\/hjertelig.dk\/wp-content\/uploads\/2025\/09\/ung-2-300x50.jpg 300w\" sizes=\"auto, (max-width: 600px) 100vw, 600px\" \/><\/figure>\n\n\n\n<p class=\"has-text-align-center has-background-background-color has-background\" style=\"border-radius:8px;padding-top:0;padding-bottom:0;font-size:clamp(0.929rem, 0.929rem + ((1vw - 0.2rem) * 0.856), 1.4rem);line-height:1.9\">Hvis du finder uddannelse, arbejde eller k\u00e6rlighedslivet udfordrende, vil vi kunne tilbyde opl\u00f8ftede samtaler, som vil hj\u00e6lpe dig med at f\u00e5 et mere positivt perspektiv. Vi kan bruge for alle slags platforme som vi har til r\u00e5dighed. Vi kan tale online, p\u00e5 vores kontor eller p\u00e5 dit foretrukne sted. Kontakt os for eventuelle specifikke behov.<\/p>\n\n\n\n<figure class=\"wp-block-image size-full is-resized wp-duotone-magenta-yellow\"><img loading=\"lazy\" decoding=\"async\" width=\"600\" height=\"100\" src=\"https:\/\/hjertelig.dk\/wp-content\/uploads\/2025\/09\/social.jpg\" alt=\"\" class=\"wp-image-194\" style=\"width:650px;height:auto\" srcset=\"https:\/\/hjertelig.dk\/wp-content\/uploads\/2025\/09\/social.jpg 600w, https:\/\/hjertelig.dk\/wp-content\/uploads\/2025\/09\/social-300x50.jpg 300w\" sizes=\"auto, (max-width: 600px) 100vw, 600px\" \/><\/figure>\n\n\n\n<p class=\"has-text-align-center has-background-background-color has-background\" style=\"border-radius:8px;padding-top:0;padding-bottom:0;font-size:clamp(0.929rem, 0.929rem + ((1vw - 0.2rem) * 0.856), 1.4rem);line-height:1.9\">Personlig hj\u00e6lp og pasning af b\u00f8rn og unge samt aflastning til udfordrede b\u00f8rn og unge, der lider af eventuel autisme, ADHD eller andre typer lidelser eller besv\u00e6rligheder. Terapeutisk, akustisk guitar kan medbringes for professional meditativ spil, hvilket har vist sig at have en generel positiv effekt p\u00e5 hum\u00f8r og adf\u00e6rd. Kontakt os for eventuelle specifikke behov.<\/p>\n\n\n\n<figure class=\"wp-block-image size-full wp-duotone-magenta-yellow\"><img loading=\"lazy\" decoding=\"async\" width=\"600\" height=\"100\" src=\"https:\/\/hjertelig.dk\/wp-content\/uploads\/2025\/09\/lektie-1.jpg\" alt=\"\" class=\"wp-image-197\" srcset=\"https:\/\/hjertelig.dk\/wp-content\/uploads\/2025\/09\/lektie-1.jpg 600w, https:\/\/hjertelig.dk\/wp-content\/uploads\/2025\/09\/lektie-1-300x50.jpg 300w\" sizes=\"auto, (max-width: 600px) 100vw, 600px\" \/><\/figure>\n\n\n\n<p class=\"has-text-align-center has-background-background-color has-background\" style=\"border-radius:8px;padding-top:0;padding-bottom:0;font-size:clamp(0.929rem, 0.929rem + ((1vw - 0.2rem) * 0.856), 1.4rem);line-height:1.9\">Matematik, fysik, kemi og biologi p\u00e5 folkeskole og gymnasie niveau samt specifikke opgaver eller eksamensforberedelse. Dansk, engelsk og spansk p\u00e5 folkeskole og gymnasie niveau samt specifikke opgaver eller eksamensforberedelse. Mulighed for personlig eller fjern undervisning. Kontakt os for eventuelle specifikke behov.<\/p>\n<\/div>\n<\/div>\n","protected":false},"excerpt":{"rendered":"<p>Hjertelig Dk Learn danish, 1 on 1 within 30 days Guaranteed www.hjertelig.dk Fysisk d\u00e6kning af hele Danmark Alex Tel\/WhatsApp: 52 72 49 12 Email: alex@hjertelig.dk Dybdeg\u00e5ende samtaler omkring gl\u00e6de, n\u00e6rv\u00e6r og omsorg, som er t\u00e6t forbundet og indbyrdes afh\u00e6ngige, hvilke vi kan opbygge sammen. For os det vigtigst at h\u00f8re dine behov og tanker, s\u00e5 [&hellip;]<\/p>\n","protected":false},"author":1,"featured_media":0,"parent":0,"menu_order":0,"comment_status":"closed","ping_status":"closed","template":"","meta":{"footnotes":""},"class_list":["post-26","page","type-page","status-publish","hentry"],"_links":{"self":[{"href":"https:\/\/hjertelig.dk\/index.php\/wp-json\/wp\/v2\/pages\/26","targetHints":{"allow":["GET"]}}],"collection":[{"href":"https:\/\/hjertelig.dk\/index.php\/wp-json\/wp\/v2\/pages"}],"about":[{"href":"https:\/\/hjertelig.dk\/index.php\/wp-json\/wp\/v2\/types\/page"}],"author":[{"embeddable":true,"href":"https:\/\/hjertelig.dk\/index.php\/wp-json\/wp\/v2\/users\/1"}],"replies":[{"embeddable":true,"href":"https:\/\/hjertelig.dk\/index.php\/wp-json\/wp\/v2\/comments?post=26"}],"version-history":[{"count":174,"href":"https:\/\/hjertelig.dk\/index.php\/wp-json\/wp\/v2\/pages\/26\/revisions"}],"predecessor-version":[{"id":305,"href":"https:\/\/hjertelig.dk\/index.php\/wp-json\/wp\/v2\/pages\/26\/revisions\/305"}],"wp:attachment":[{"href":"https:\/\/hjertelig.dk\/index.php\/wp-json\/wp\/v2\/media?parent=26"}],"curies":[{"name":"wp","href":"https:\/\/api.w.org\/{rel}","templated":true}]}}